{"id":109,"date":"2024-07-24T18:09:44","date_gmt":"2024-07-24T18:09:44","guid":{"rendered":"https:\/\/diegoruanito.com.br\/?page_id=109"},"modified":"2024-08-24T14:46:51","modified_gmt":"2024-08-24T14:46:51","slug":"sobre-mim","status":"publish","type":"page","link":"https:\/\/diegoruanito.com.br\/?page_id=109","title":{"rendered":"Sobre mim"},"content":{"rendered":"\t\t<div data-elementor-type=\"wp-page\" data-elementor-id=\"109\" class=\"elementor elementor-109\" data-elementor-post-type=\"page\">\n\t\t\t\t<div class=\"elementor-element elementor-element-8db0418 e-flex e-con-boxed e-con e-parent\" data-id=\"8db0418\" data-element_type=\"container\" data-e-type=\"container\">\n\t\t\t\t\t<div class=\"e-con-inner\">\n\t\t\t\t<div class=\"elementor-element elementor-element-498f3fa elementor-widget elementor-widget-heading\" data-id=\"498f3fa\" data-element_type=\"widget\" data-e-type=\"widget\" data-widget_type=\"heading.default\">\n\t\t\t\t<div class=\"elementor-widget-container\">\n\t\t\t\t\t<h2 class=\"elementor-heading-title elementor-size-default\">Biografia<\/h2>\t\t\t\t<\/div>\n\t\t\t\t<\/div>\n\t\t\t\t\t<\/div>\n\t\t\t\t<\/div>\n\t\t<div class=\"elementor-element elementor-element-386743c e-flex e-con-boxed e-con e-parent\" data-id=\"386743c\" data-element_type=\"container\" data-e-type=\"container\">\n\t\t\t\t\t<div class=\"e-con-inner\">\n\t\t\t\t<div class=\"elementor-element elementor-element-4019b5f elementor-widget elementor-widget-text-editor\" data-id=\"4019b5f\" data-element_type=\"widget\" data-e-type=\"widget\" data-widget_type=\"text-editor.default\">\n\t\t\t\t<div class=\"elementor-widget-container\">\n\t\t\t\t\t\t\t\t\t<p>Diego Ruanito dos Santos \u00e9 um profissional dedicado, formado em Marketing e especializado em tecnologia e marketing digital. Conhecido por sua honestidade e comprometimento, Ruanito tem sido uma figura ativa na transforma\u00e7\u00e3o digital e no desenvolvimento econ\u00f4mico de nossa comunidade.\u00a0<\/p><p>Com uma carreira como consultor pol\u00edtico, de marketing pol\u00edtico e assessor pol\u00edtico, Ruanito participou de projetos impactantes, como a cria\u00e7\u00e3o do Agropolo, onde foi respons\u00e1vel pela cria\u00e7\u00e3o da logomarca junto com seu filho e esteve presente na organiza\u00e7\u00e3o das duas primeiras edi\u00e7\u00f5es da feira. Tamb\u00e9m liderou o Projeto de Wi-Fi Gratuito em Paulo Lopes, levando internet a \u00e1reas remotas do munic\u00edpio.<\/p><p>Casado com Suellen e pai de Pedro e Maria Alice, Ruanito valoriza a import\u00e2ncia da fam\u00edlia e acredita que pol\u00edticas p\u00fablicas devem priorizar o bem-estar familiar. Vindo de uma fam\u00edlia com forte legado pol\u00edtico, ele \u00e9 neto do Sr. Osni e sobrinho de Nenem e Volnei, todos ex-prefeitos. Inspirado pelos sucessos de seus familiares, Ruanito se dedica a ser um pol\u00edtico melhor, utilizando esse valioso conhecimento e experi\u00eancia<\/p><p>Apaixonado por tecnologia, programa\u00e7\u00e3o, comunica\u00e7\u00e3o e esportes, Ruanito est\u00e1 comprometido em promover uma sociedade mais justa e pr\u00f3spera. Ele acredita que a inclus\u00e3o digital deve estar presente nas escolas, pois isso vai gerar mais oportunidades no futuro das fam\u00edlias e crian\u00e7as de Paulo Lopes. Sua vis\u00e3o de futuro inclui inova\u00e7\u00e3o, desenvolvimento econ\u00f4mico e inclus\u00e3o digital.<\/p>\t\t\t\t\t\t\t\t<\/div>\n\t\t\t\t<\/div>\n\t\t\t\t\t<\/div>\n\t\t\t\t<\/div>\n\t\t\t\t<\/div>\n\t\t","protected":false},"excerpt":{"rendered":"<p>Biografia Diego Ruanito dos Santos \u00e9 um profissional dedicado, formado em Marketing e especializado em tecnologia e marketing digital. Conhecido por sua honestidade e comprometimento, Ruanito tem sido uma figura ativa na transforma\u00e7\u00e3o digital e no desenvolvimento econ\u00f4mico de nossa comunidade.\u00a0 Com uma carreira como consultor pol\u00edtico, de marketing pol\u00edtico e assessor pol\u00edtico, Ruanito participou&hellip;&nbsp;<a href=\"https:\/\/diegoruanito.com.br\/?page_id=109\" class=\"\" rel=\"bookmark\">Continue a ler &raquo;<span class=\"screen-reader-text\">Sobre mim<\/span><\/a><\/p>\n","protected":false},"author":1,"featured_media":0,"parent":0,"menu_order":0,"comment_status":"closed","ping_status":"closed","template":"page-templates\/template-pagebuilder-full-width.php","meta":{"om_disable_all_campaigns":false,"_monsterinsights_skip_tracking":false,"_monsterinsights_sitenote_active":false,"_monsterinsights_sitenote_note":"","_monsterinsights_sitenote_category":0,"neve_meta_sidebar":"","neve_meta_container":"","neve_meta_enable_content_width":"","neve_meta_content_width":0,"neve_meta_title_alignment":"","neve_meta_author_avatar":"","neve_post_elements_order":"","neve_meta_disable_header":"","neve_meta_disable_footer":"","neve_meta_disable_title":"","_joinchat":[],"footnotes":""},"class_list":["post-109","page","type-page","status-publish","hentry"],"aioseo_notices":[],"_links":{"self":[{"href":"https:\/\/diegoruanito.com.br\/index.php?rest_route=\/wp\/v2\/pages\/109"}],"collection":[{"href":"https:\/\/diegoruanito.com.br\/index.php?rest_route=\/wp\/v2\/pages"}],"about":[{"href":"https:\/\/diegoruanito.com.br\/index.php?rest_route=\/wp\/v2\/types\/page"}],"author":[{"embeddable":true,"href":"https:\/\/diegoruanito.com.br\/index.php?rest_route=\/wp\/v2\/users\/1"}],"replies":[{"embeddable":true,"href":"https:\/\/diegoruanito.com.br\/index.php?rest_route=%2Fwp%2Fv2%2Fcomments&post=109"}],"version-history":[{"count":7,"href":"https:\/\/diegoruanito.com.br\/index.php?rest_route=\/wp\/v2\/pages\/109\/revisions"}],"predecessor-version":[{"id":265,"href":"https:\/\/diegoruanito.com.br\/index.php?rest_route=\/wp\/v2\/pages\/109\/revisions\/265"}],"wp:attachment":[{"href":"https:\/\/diegoruanito.com.br\/index.php?rest_route=%2Fwp%2Fv2%2Fmedia&parent=109"}],"curies":[{"name":"wp","href":"https:\/\/api.w.org\/{rel}","templated":true}]}}