{"id":107,"date":"2024-07-24T18:08:57","date_gmt":"2024-07-24T18:08:57","guid":{"rendered":"https:\/\/diegoruanito.com.br\/?page_id=107"},"modified":"2024-08-24T14:17:47","modified_gmt":"2024-08-24T14:17:47","slug":"projetos","status":"publish","type":"page","link":"https:\/\/diegoruanito.com.br\/?page_id=107","title":{"rendered":"Projetos"},"content":{"rendered":"\t\t<div data-elementor-type=\"wp-page\" data-elementor-id=\"107\" class=\"elementor elementor-107\" data-elementor-post-type=\"page\">\n\t\t\t\t<div class=\"elementor-element elementor-element-f349ef2 e-flex e-con-boxed e-con e-parent\" data-id=\"f349ef2\" data-element_type=\"container\" data-e-type=\"container\">\n\t\t\t\t\t<div class=\"e-con-inner\">\n\t\t<div class=\"elementor-element elementor-element-9b3a5e9 e-con-full e-flex e-con e-child\" data-id=\"9b3a5e9\" data-element_type=\"container\" data-e-type=\"container\">\n\t\t\t\t<div class=\"elementor-element elementor-element-9736c12 elementor-widget elementor-widget-image\" data-id=\"9736c12\" data-element_type=\"widget\" data-e-type=\"widget\" data-widget_type=\"image.default\">\n\t\t\t\t<div class=\"elementor-widget-container\">\n\t\t\t\t\t\t\t\t\t\t\t\t\t\t\t<img fetchpriority=\"high\" decoding=\"async\" width=\"1024\" height=\"762\" src=\"https:\/\/diegoruanito.com.br\/wp-content\/uploads\/2024\/08\/Codigo-PL-1024x762.png\" class=\"attachment-large size-large wp-image-241\" alt=\"\" srcset=\"https:\/\/diegoruanito.com.br\/wp-content\/uploads\/2024\/08\/Codigo-PL-1024x762.png 1024w, https:\/\/diegoruanito.com.br\/wp-content\/uploads\/2024\/08\/Codigo-PL-300x223.png 300w, https:\/\/diegoruanito.com.br\/wp-content\/uploads\/2024\/08\/Codigo-PL-768x571.png 768w, https:\/\/diegoruanito.com.br\/wp-content\/uploads\/2024\/08\/Codigo-PL-1536x1142.png 1536w, https:\/\/diegoruanito.com.br\/wp-content\/uploads\/2024\/08\/Codigo-PL-2048x1523.png 2048w\" sizes=\"(max-width: 1024px) 100vw, 1024px\" \/>\t\t\t\t\t\t\t\t\t\t\t\t\t\t\t<\/div>\n\t\t\t\t<\/div>\n\t\t\t\t<\/div>\n\t\t<div class=\"elementor-element elementor-element-9a7e67e e-con-full e-flex e-con e-child\" data-id=\"9a7e67e\" data-element_type=\"container\" data-e-type=\"container\">\n\t\t\t\t<div class=\"elementor-element elementor-element-6efadeb elementor-widget elementor-widget-text-editor\" data-id=\"6efadeb\" data-element_type=\"widget\" data-e-type=\"widget\" data-widget_type=\"text-editor.default\">\n\t\t\t\t<div class=\"elementor-widget-container\">\n\t\t\t\t\t\t\t\t\t<p>Imagine um futuro onde cada crian\u00e7a em Paulo Lopes tem a oportunidade de se tornar um especialista em tecnologia, abrindo portas para carreiras altamente remuneradas e garantindo a prosperidade de suas fam\u00edlias. Com o projeto C\u00f3digo PL, isso vai acontecer.<\/p><p>Nossa proposta \u00e9 transformar a educa\u00e7\u00e3o em nosso munic\u00edpio, implementando disciplinas de programa\u00e7\u00e3o e rob\u00f3tica na rede municipal de ensino. A partir dos 5 anos de idade, nossos jovens ter\u00e3o acesso a um aprendizado inovador no contraturno escolar, que despertar\u00e1 sua curiosidade e desenvolver\u00e1 habilidades cruciais para o futuro.<\/p>\t\t\t\t\t\t\t\t<\/div>\n\t\t\t\t<\/div>\n\t\t\t\t<\/div>\n\t\t\t\t\t<\/div>\n\t\t\t\t<\/div>\n\t\t<div class=\"elementor-element elementor-element-7da86ae e-flex e-con-boxed e-con e-parent\" data-id=\"7da86ae\" data-element_type=\"container\" data-e-type=\"container\">\n\t\t\t\t\t<div class=\"e-con-inner\">\n\t\t<div class=\"elementor-element elementor-element-fa010da e-con-full e-flex e-con e-child\" data-id=\"fa010da\" data-element_type=\"container\" data-e-type=\"container\">\n\t\t\t\t<div class=\"elementor-element elementor-element-aa7a33c elementor-widget elementor-widget-text-editor\" data-id=\"aa7a33c\" data-element_type=\"widget\" data-e-type=\"widget\" data-widget_type=\"text-editor.default\">\n\t\t\t\t<div class=\"elementor-widget-container\">\n\t\t\t\t\t\t\t\t\t<p>Visualize um ambiente de aprendizado interativo e divertido, onde nossas crian\u00e7as descobrem suas aptid\u00f5es e paix\u00f5es pela tecnologia. Este projeto n\u00e3o \u00e9 apenas sobre ensinar c\u00f3digos ou construir rob\u00f4s; \u00e9 sobre dar \u00e0s nossas crian\u00e7as as ferramentas para sonhar grande e alcan\u00e7ar o imposs\u00edvel.<\/p><p>O C\u00f3digo PL representa uma transforma\u00e7\u00e3o para as fam\u00edlias de Paulo Lopes. Ao capacitar nossas crian\u00e7as com conhecimentos em tecnologia, estamos investindo na estabilidade financeira e no crescimento econ\u00f4mico de nossas fam\u00edlias. Imagine ver seu filho ou filha se tornando um profissional da tecnologia, com sal\u00e1rios entre 10 e 20 mil reais. Esse \u00e9 o tipo de mudan\u00e7a que o C\u00f3digo PL promete.<\/p><p>Em uma d\u00e9cada, Paulo Lopes ser\u00e1 reconhecido como um munic\u00edpio de inovadores e vision\u00e1rios. O C\u00f3digo PL \u00e9 mais do que um projeto educacional; \u00e9 um movimento que transformar\u00e1 vidas, gerando orgulho e prosperidade para nossa comunidade.<\/p><p>Vamos juntos construir um futuro onde cada crian\u00e7a tem a chance de ser um protagonista na era digital. O C\u00f3digo PL \u00e9 a melhor oportunidade da vida para nossas crian\u00e7as e suas fam\u00edlias. Junte-se a n\u00f3s e invista no futuro de Paulo Lopes. Vamos fazer hist\u00f3ria, juntos.<\/p>\t\t\t\t\t\t\t\t<\/div>\n\t\t\t\t<\/div>\n\t\t\t\t<\/div>\n\t\t\t\t\t<\/div>\n\t\t\t\t<\/div>\n\t\t<div class=\"elementor-element elementor-element-8ef9469 e-flex e-con-boxed e-con e-parent\" data-id=\"8ef9469\" data-element_type=\"container\" data-e-type=\"container\" data-settings=\"{&quot;background_background&quot;:&quot;classic&quot;}\">\n\t\t\t\t\t<div class=\"e-con-inner\">\n\t\t\t\t\t<\/div>\n\t\t\t\t<\/div>\n\t\t<div class=\"elementor-element elementor-element-5f56a10 e-flex e-con-boxed e-con e-parent\" data-id=\"5f56a10\" data-element_type=\"container\" data-e-type=\"container\">\n\t\t\t\t\t<div class=\"e-con-inner\">\n\t\t<div class=\"elementor-element elementor-element-a9f95de e-con-full e-flex e-con e-child\" data-id=\"a9f95de\" data-element_type=\"container\" data-e-type=\"container\">\n\t\t\t\t<div class=\"elementor-element elementor-element-040a62b elementor-widget elementor-widget-text-editor\" data-id=\"040a62b\" data-element_type=\"widget\" data-e-type=\"widget\" data-widget_type=\"text-editor.default\">\n\t\t\t\t<div class=\"elementor-widget-container\">\n\t\t\t\t\t\t\t\t\t<p>Paulo Lopes enfrenta um grande desafio: a irregularidade fundi\u00e1ria. Muitos moradores vivem em terrenos sem registro legal, enfrentando dificuldades para acessar servi\u00e7os p\u00fablicos e garantindo um futuro incerto para suas fam\u00edlias. Essa \u00e9 a realidade que queremos mudar. O programa Regulariza Paulo Lopes surge como uma solu\u00e7\u00e3o para transformar essa situa\u00e7\u00e3o, trazendo dignidade, seguran\u00e7a e desenvolvimento para nossa cidade.<\/p><p>Regularizar terrenos vai muito al\u00e9m de obter um documento oficial. Significa abrir portas para um futuro repleto de oportunidades. Com a regulariza\u00e7\u00e3o, o poder p\u00fablico pode implantar postos de sa\u00fade, escolas, creches e pra\u00e7as, proporcionando acesso a servi\u00e7os essenciais e melhorando a qualidade de vida de todos. As vantagens s\u00e3o muitas: seguran\u00e7a jur\u00eddica para as fam\u00edlias, acesso a cr\u00e9dito e financiamento, atra\u00e7\u00e3o de novos investimentos em infraestrutura, gera\u00e7\u00e3o de empregos e valoriza\u00e7\u00e3o dos im\u00f3veis.<\/p>\t\t\t\t\t\t\t\t<\/div>\n\t\t\t\t<\/div>\n\t\t\t\t<\/div>\n\t\t<div class=\"elementor-element elementor-element-c3fec46 e-con-full e-flex e-con e-child\" data-id=\"c3fec46\" data-element_type=\"container\" data-e-type=\"container\">\n\t\t\t\t<div class=\"elementor-element elementor-element-605de28 elementor-widget elementor-widget-image\" data-id=\"605de28\" data-element_type=\"widget\" data-e-type=\"widget\" data-widget_type=\"image.default\">\n\t\t\t\t<div class=\"elementor-widget-container\">\n\t\t\t\t\t\t\t\t\t\t\t\t\t\t\t<img decoding=\"async\" width=\"1024\" height=\"816\" src=\"https:\/\/diegoruanito.com.br\/wp-content\/uploads\/2024\/08\/Regulariza-1024x816.png\" class=\"attachment-large size-large wp-image-246\" alt=\"\" srcset=\"https:\/\/diegoruanito.com.br\/wp-content\/uploads\/2024\/08\/Regulariza-1024x816.png 1024w, https:\/\/diegoruanito.com.br\/wp-content\/uploads\/2024\/08\/Regulariza-300x239.png 300w, https:\/\/diegoruanito.com.br\/wp-content\/uploads\/2024\/08\/Regulariza-768x612.png 768w, https:\/\/diegoruanito.com.br\/wp-content\/uploads\/2024\/08\/Regulariza-1536x1224.png 1536w, https:\/\/diegoruanito.com.br\/wp-content\/uploads\/2024\/08\/Regulariza-2048x1633.png 2048w\" sizes=\"(max-width: 1024px) 100vw, 1024px\" \/>\t\t\t\t\t\t\t\t\t\t\t\t\t\t\t<\/div>\n\t\t\t\t<\/div>\n\t\t\t\t<\/div>\n\t\t\t\t\t<\/div>\n\t\t\t\t<\/div>\n\t\t<div class=\"elementor-element elementor-element-778055d e-flex e-con-boxed e-con e-parent\" data-id=\"778055d\" data-element_type=\"container\" data-e-type=\"container\">\n\t\t\t\t\t<div class=\"e-con-inner\">\n\t\t\t\t<div class=\"elementor-element elementor-element-c9b8796 elementor-widget elementor-widget-text-editor\" data-id=\"c9b8796\" data-element_type=\"widget\" data-e-type=\"widget\" data-widget_type=\"text-editor.default\">\n\t\t\t\t<div class=\"elementor-widget-container\">\n\t\t\t\t\t\t\t\t\t<p>Ao final desta jornada, Paulo Lopes ser\u00e1 um munic\u00edpio de refer\u00eancia, onde todos t\u00eam acesso aos benef\u00edcios de uma cidade organizada e pr\u00f3spera. O Regulariza Paulo Lopes \u00e9 mais do que um programa; \u00e9 uma transforma\u00e7\u00e3o que trar\u00e1 orgulho e progresso para nossa comunidade. Vamos juntos trilhar este caminho para um futuro melhor. O Regulariza Paulo Lopes \u00e9 a melhor oportunidade de nossas vidas, garantindo seguran\u00e7a e prosperidade para nossas fam\u00edlias e nossa cidade. Junte-se a n\u00f3s nesta jornada e invista no futuro de Paulo Lopes. Vamos fazer hist\u00f3ria, juntos.<\/p>\t\t\t\t\t\t\t\t<\/div>\n\t\t\t\t<\/div>\n\t\t\t\t\t<\/div>\n\t\t\t\t<\/div>\n\t\t<div class=\"elementor-element elementor-element-198bf19 e-flex e-con-boxed e-con e-parent\" data-id=\"198bf19\" data-element_type=\"container\" data-e-type=\"container\" data-settings=\"{&quot;background_background&quot;:&quot;classic&quot;}\">\n\t\t\t\t\t<div class=\"e-con-inner\">\n\t\t\t\t\t<\/div>\n\t\t\t\t<\/div>\n\t\t<div class=\"elementor-element elementor-element-86e240d e-flex e-con-boxed e-con e-parent\" data-id=\"86e240d\" data-element_type=\"container\" data-e-type=\"container\" data-settings=\"{&quot;background_background&quot;:&quot;classic&quot;}\">\n\t\t\t\t\t<div class=\"e-con-inner\">\n\t\t\t\t\t<\/div>\n\t\t\t\t<\/div>\n\t\t\t\t<\/div>\n\t\t","protected":false},"excerpt":{"rendered":"<p>Imagine um futuro onde cada crian\u00e7a em Paulo Lopes tem a oportunidade de se tornar um especialista em tecnologia, abrindo portas para carreiras altamente remuneradas e garantindo a prosperidade de suas fam\u00edlias. Com o projeto C\u00f3digo PL, isso vai acontecer. Nossa proposta \u00e9 transformar a educa\u00e7\u00e3o em nosso munic\u00edpio, implementando disciplinas de programa\u00e7\u00e3o e rob\u00f3tica&hellip;&nbsp;<a href=\"https:\/\/diegoruanito.com.br\/?page_id=107\" class=\"\" rel=\"bookmark\">Continue a ler &raquo;<span class=\"screen-reader-text\">Projetos<\/span><\/a><\/p>\n","protected":false},"author":1,"featured_media":0,"parent":0,"menu_order":0,"comment_status":"closed","ping_status":"closed","template":"page-templates\/template-pagebuilder-full-width.php","meta":{"om_disable_all_campaigns":false,"_monsterinsights_skip_tracking":false,"_monsterinsights_sitenote_active":false,"_monsterinsights_sitenote_note":"","_monsterinsights_sitenote_category":0,"neve_meta_sidebar":"","neve_meta_container":"","neve_meta_enable_content_width":"","neve_meta_content_width":0,"neve_meta_title_alignment":"","neve_meta_author_avatar":"","neve_post_elements_order":"","neve_meta_disable_header":"","neve_meta_disable_footer":"","neve_meta_disable_title":"","_joinchat":[],"footnotes":""},"class_list":["post-107","page","type-page","status-publish","hentry"],"aioseo_notices":[],"_links":{"self":[{"href":"https:\/\/diegoruanito.com.br\/index.php?rest_route=\/wp\/v2\/pages\/107"}],"collection":[{"href":"https:\/\/diegoruanito.com.br\/index.php?rest_route=\/wp\/v2\/pages"}],"about":[{"href":"https:\/\/diegoruanito.com.br\/index.php?rest_route=\/wp\/v2\/types\/page"}],"author":[{"embeddable":true,"href":"https:\/\/diegoruanito.com.br\/index.php?rest_route=\/wp\/v2\/users\/1"}],"replies":[{"embeddable":true,"href":"https:\/\/diegoruanito.com.br\/index.php?rest_route=%2Fwp%2Fv2%2Fcomments&post=107"}],"version-history":[{"count":7,"href":"https:\/\/diegoruanito.com.br\/index.php?rest_route=\/wp\/v2\/pages\/107\/revisions"}],"predecessor-version":[{"id":249,"href":"https:\/\/diegoruanito.com.br\/index.php?rest_route=\/wp\/v2\/pages\/107\/revisions\/249"}],"wp:attachment":[{"href":"https:\/\/diegoruanito.com.br\/index.php?rest_route=%2Fwp%2Fv2%2Fmedia&parent=107"}],"curies":[{"name":"wp","href":"https:\/\/api.w.org\/{rel}","templated":true}]}}